{"id":10966,"date":"2021-03-28T11:51:01","date_gmt":"2021-03-28T09:51:01","guid":{"rendered":"https:\/\/staging.ceramic.dk\/universitet-programmer\/project-network\/anbefalinger-af-project-network\/"},"modified":"2021-03-29T16:40:53","modified_gmt":"2021-03-29T14:40:53","slug":"anbefalinger-af-project-network","status":"publish","type":"page","link":"https:\/\/staging.ceramic.dk\/da\/universitet-programmer\/project-network\/anbefalinger-af-project-network\/","title":{"rendered":"Anbefalinger af Project Network"},"content":{"rendered":"<style id=\"kt-blocks_34920c-48\">#kt-layout-id_34920c-48 > .kt-row-column-wrap.kb-theme-content-width{max-width:1128px;}.kt-layout-id_34920c-48 > .kb-theme-content-width{padding-left:var(--global-sm-spacing);padding-right:var(--global-sm-spacing);}#kt-layout-id_34920c-48{background-image:url('https:\/\/staging.ceramic.dk\/wp-content\/uploads\/2021\/03\/Recommendations-top.jpg');background-size:cover;background-position:50% 50%;background-attachment:scroll;background-repeat:no-repeat;}#kt-layout-id_34920c-48 > .kt-row-column-wrap{min-height:270px;}#kt-layout-id_34920c-48 > .kt-row-layout-overlay{opacity:0.25;background-color:rgba(0, 0, 0, 1);}@media all and (max-width: 1024px){#kt-layout-id_34920c-48 > .kt-row-column-wrap{min-height:230px;}}@media all and (max-width: 767px){#kt-layout-id_34920c-48 > .kt-row-column-wrap{min-height:270px;}}<\/style>\n<div class=\"wp-block-kadence-rowlayout alignnone\"><div id=\"kt-layout-id_34920c-48\" class=\"kt-row-layout-inner kt-row-has-bg kt-layout-id_34920c-48\"><div class=\"kt-row-layout-overlay kt-row-overlay-normal\"><\/div><div class=\"kt-row-column-wrap kt-has-1-columns kt-gutter-default kt-v-gutter-default kt-row-valign-middle kt-row-layout-equal kt-tab-layout-inherit kt-m-colapse-left-to-right kt-mobile-layout-row kb-theme-content-width\"><style id=\"kt-blocks_644931-7e\">@media all and (max-width: 1024px){.kt-row-layout-inner > .kt-row-column-wrap > .kadence-column_644931-7e > .kt-inside-inner-col{margin-right:5%;margin-left:5%;}}<\/style>\n<div class=\"wp-block-kadence-column inner-column-1 kadence-column_644931-7e\"><div class=\"kt-inside-inner-col\"><style id=\"kt-blocks_594406-39\">#kt-adv-heading_594406-39, #kt-adv-heading_594406-39 .wp-block-kadence-advancedheading, .wp-block-kadence-advancedheading.kt-adv-heading_594406-39[data-kb-block=\"kb-adv-heading_594406-39\"], .kadence-advanced-heading-wrapper .kt-adv-heading_594406-39[data-kb-block=\"kb-adv-heading_594406-39\"]{line-height:1em;}#kt-adv-heading_594406-39 mark, #kt-adv-heading_594406-39 .wp-block-kadence-advancedheading mark, .kt-adv-heading_594406-39[data-kb-block=\"kb-adv-heading_594406-39\"] mark{padding:0px 0px 0px 0px;}@media all and (max-width: 767px){#kt-adv-heading_594406-39, #kt-adv-heading_594406-39 .wp-block-kadence-advancedheading, .wp-block-kadence-advancedheading.kt-adv-heading_594406-39[data-kb-block=\"kb-adv-heading_594406-39\"], .kadence-advanced-heading-wrapper .kt-adv-heading_594406-39[data-kb-block=\"kb-adv-heading_594406-39\"]{font-size:40px;}}<\/style>\n<h1 class=\"kt-adv-heading_594406-39 wp-block-kadence-advancedheading has-theme-palette-9-color has-text-color\" data-kb-block=\"kb-adv-heading_594406-39\">ANBEFALINGER AF PROJECT NETWORK<\/h1>\n\n\n<style id=\"kt-blocks_cf87f4-9d\">#kt-adv-heading_cf87f4-9d, #kt-adv-heading_cf87f4-9d .wp-block-kadence-advancedheading, .wp-block-kadence-advancedheading.kt-adv-heading_cf87f4-9d[data-kb-block=\"kb-adv-heading_cf87f4-9d\"], .kadence-advanced-heading-wrapper .kt-adv-heading_cf87f4-9d[data-kb-block=\"kb-adv-heading_cf87f4-9d\"]{font-size:22px;line-height:24px;font-weight:300;margin-top:-12px;}#kt-adv-heading_cf87f4-9d mark, #kt-adv-heading_cf87f4-9d .wp-block-kadence-advancedheading mark, .kt-adv-heading_cf87f4-9d[data-kb-block=\"kb-adv-heading_cf87f4-9d\"] mark{padding:0px 0px 0px 0px;}<\/style>\n<p class=\"kt-adv-heading_cf87f4-9d wp-block-kadence-advancedheading has-theme-palette-9-color has-text-color\" data-kb-block=\"kb-adv-heading_cf87f4-9d\"><\/p>\n<\/div><\/div>\n<\/div><\/div><\/div>\n\n\n<style id=\"kt-blocks_f29f39-e4\">#kt-layout-id_f29f39-e4 > .kt-row-column-wrap.kb-theme-content-width{max-width:1128px;}.kt-layout-id_f29f39-e4 > .kb-theme-content-width{padding-left:var(--global-sm-spacing);padding-right:var(--global-sm-spacing);}#kt-layout-id_f29f39-e4{margin-top:80px;margin-bottom:80px;}#kt-layout-id_f29f39-e4 > .kt-row-column-wrap{padding-top:0px;padding-bottom:0px;padding-left:40px;padding-right:40px;}@media all and (max-width: 767px){#kt-layout-id_f29f39-e4 > .kt-row-column-wrap{padding-left:20px;padding-right:20px;}}<\/style>\n<div class=\"wp-block-kadence-rowlayout alignnone\"><div id=\"kt-layout-id_f29f39-e4\" class=\"kt-row-layout-inner kt-layout-id_f29f39-e4\"><div class=\"kt-row-column-wrap kt-has-2-columns kt-gutter-wider kt-v-gutter-none kt-row-valign-top kt-row-layout-equal kt-tab-layout-row kt-m-colapse-left-to-right kt-mobile-layout-row kb-theme-content-width\"><style id=\"kt-blocks_3ee9f1-3d\">.kt-row-layout-inner > .kt-row-column-wrap > .kadence-column_3ee9f1-3d > .kt-inside-inner-col{padding-top:0px;padding-bottom:0px;padding-left:0px;padding-right:0px;margin-top:0px;margin-bottom:0px;margin-right:0px;margin-left:0px;}<\/style>\n<div class=\"wp-block-kadence-column inner-column-1 kadence-column_3ee9f1-3d\"><div class=\"kt-inside-inner-col\"><style id=\"kt-blocks_da83d2-8f\">#kt-info-box_da83d2-8f .kt-blocks-info-box-link-wrap {background:rgba(245, 245, 245, 1);padding:20px 20px 20px 20px;margin-bottom:60px;border-width:0px 0px 0px 0px;}#kt-info-box_da83d2-8f .kt-blocks-info-box-link-wrap:hover {border-color:rgba(238, 238, 238, 1);background:rgba(242, 242, 242, 1);}#kt-info-box_da83d2-8f .kt-info-svg-icon, #kt-info-box_da83d2-8f .kt-blocks-info-box-number {font-size:18px;}#kt-info-box_da83d2-8f .kt-blocks-info-box-media {color:#444444;background:var(--global-palette9);border-color:#444444;border-radius:50px;border-width:2px 2px 2px 2px;padding:6px 6px 6px 6px;}#kt-info-box_da83d2-8f .kt-blocks-info-box-media-container {margin:-37px 15px 0px 15px;}#kt-info-box_da83d2-8f .kt-blocks-info-box-media img {border-radius:50px;}#kt-info-box_da83d2-8f .kt-blocks-info-box-link-wrap:hover .kt-blocks-info-box-media {color:#444444;}#kt-info-box_da83d2-8f .kt-blocks-info-box-title {padding:0px 0px 0px 0px;margin:5px 0px 10px 0px;}#kt-info-box_da83d2-8f .kt-blocks-info-box-text {padding:30px 30px 30px 30px;margin:px px px px;}<\/style>\n<div id=\"kt-info-box_da83d2-8f\" class=\"wp-block-kadence-infobox info-box-text-left\"><a class=\"kt-blocks-info-box-link-wrap info-box-link kt-blocks-info-box-media-align-top kt-info-halign-center\"><div class=\"kt-blocks-info-box-media-container\"><div class=\"kt-blocks-info-box-media kt-info-media-animate-none\"><div class=\"kadence-info-box-icon-container kt-info-icon-animate-none\"><div class=\"kadence-info-box-icon-inner-container\"><span style=\"display:block;justify-content:center;align-items:center\" class=\"kt-info-svg-icon kt-info-svg-icon-ic_quoteSerifRight\"><svg style=\"display:inline-block;vertical-align:middle\" viewbox=\"0 0 8 8\" height=\"18\" width=\"18\" fill=\"currentColor\" xmlns=\"http:\/\/www.w3.org\/2000\/svg\"><path d=\"M0 0v3h2c0 1.11-.89 2-2 2v1c1.65 0 3-1.35 3-3v-3h-3zm5 0v3h2c0 1.11-.89 2-2 2v1c1.65 0 3-1.35 3-3v-3h-3z\" transform=\"translate(0 1)\"><\/path><\/svg><\/span><\/div><\/div><\/div><\/div><div class=\"kt-infobox-textcontent\"><p class=\"kt-blocks-info-box-text\"><\/p><\/div><\/a><\/div>\n\n\n<style id=\"kt-blocks_443e29-ad\">#kt-info-box_443e29-ad .kt-blocks-info-box-link-wrap {background:rgba(245, 245, 245, 1);padding:20px 20px 20px 20px;margin-bottom:60px;border-width:0px 0px 0px 0px;}#kt-info-box_443e29-ad .kt-blocks-info-box-link-wrap:hover {border-color:rgba(238, 238, 238, 1);background:rgba(242, 242, 242, 1);}#kt-info-box_443e29-ad .kt-info-svg-icon, #kt-info-box_443e29-ad .kt-blocks-info-box-number {font-size:18px;}#kt-info-box_443e29-ad .kt-blocks-info-box-media {color:#444444;background:var(--global-palette9);border-color:#444444;border-radius:50px;border-width:2px 2px 2px 2px;padding:6px 6px 6px 6px;}#kt-info-box_443e29-ad .kt-blocks-info-box-media-container {margin:-37px 15px 0px 15px;}#kt-info-box_443e29-ad .kt-blocks-info-box-media img {border-radius:50px;}#kt-info-box_443e29-ad .kt-blocks-info-box-link-wrap:hover .kt-blocks-info-box-media {color:#444444;}#kt-info-box_443e29-ad .kt-blocks-info-box-title {padding:0px 0px 0px 0px;margin:5px 0px 10px 0px;}#kt-info-box_443e29-ad .kt-blocks-info-box-text {padding:30px 30px 30px 30px;margin:px px px px;}#kt-info-box_443e29-ad .kt-blocks-info-box-learnmore {background:transparent;border-color:#555555;border-width:0px 0px 0px 0px;padding:4px 8px 4px 8px;margin:10px 0px 10px 0px;}#kt-info-box_443e29-ad .kt-blocks-info-box-link-wrap:hover .kt-blocks-info-box-learnmore {color:#ffffff;background:#444444;border-color:#444444;}<\/style>\n<div id=\"kt-info-box_443e29-ad\" class=\"wp-block-kadence-infobox info-box-text-left\"><a class=\"kt-blocks-info-box-link-wrap info-box-link kt-blocks-info-box-media-align-top kt-info-halign-center\"><div class=\"kt-blocks-info-box-media-container\"><div class=\"kt-blocks-info-box-media kt-info-media-animate-none\"><div class=\"kadence-info-box-icon-container kt-info-icon-animate-none\"><div class=\"kadence-info-box-icon-inner-container\"><span style=\"display:block;justify-content:center;align-items:center\" class=\"kt-info-svg-icon kt-info-svg-icon-ic_quoteSerifRight\"><svg style=\"display:inline-block;vertical-align:middle\" viewbox=\"0 0 8 8\" height=\"18\" width=\"18\" fill=\"currentColor\" xmlns=\"http:\/\/www.w3.org\/2000\/svg\"><path d=\"M0 0v3h2c0 1.11-.89 2-2 2v1c1.65 0 3-1.35 3-3v-3h-3zm5 0v3h2c0 1.11-.89 2-2 2v1c1.65 0 3-1.35 3-3v-3h-3z\" transform=\"translate(0 1)\"><\/path><\/svg><\/span><\/div><\/div><\/div><\/div><div class=\"kt-infobox-textcontent\"><p class=\"kt-blocks-info-box-text\"><\/p><\/div><\/a><\/div>\n<\/div><\/div>\n\n\n<style id=\"kt-blocks_e11922-0a\">.kt-row-layout-inner > .kt-row-column-wrap > .kadence-column_e11922-0a > .kt-inside-inner-col{padding-top:0px;padding-bottom:0px;padding-left:0px;padding-right:0px;margin-top:0px;margin-bottom:0px;margin-right:0px;margin-left:0px;}<\/style>\n<div class=\"wp-block-kadence-column inner-column-2 kadence-column_e11922-0a\"><div class=\"kt-inside-inner-col\"><style id=\"kt-blocks_61f6f2-00\">#kt-info-box_61f6f2-00 .kt-blocks-info-box-link-wrap {background:rgba(245, 245, 245, 1);padding:20px 20px 20px 20px;margin-bottom:0px;border-width:0px 0px 0px 0px;}#kt-info-box_61f6f2-00 .kt-blocks-info-box-link-wrap:hover {border-color:rgba(238, 238, 238, 1);background:rgba(242, 242, 242, 1);}#kt-info-box_61f6f2-00 .kt-info-svg-icon, #kt-info-box_61f6f2-00 .kt-blocks-info-box-number {font-size:18px;}#kt-info-box_61f6f2-00 .kt-blocks-info-box-media {color:#444444;background:var(--global-palette9);border-color:#444444;border-radius:50px;border-width:2px 2px 2px 2px;padding:6px 6px 6px 6px;}#kt-info-box_61f6f2-00 .kt-blocks-info-box-media-container {margin:-37px 15px 0px 15px;}#kt-info-box_61f6f2-00 .kt-blocks-info-box-media img {border-radius:50px;}#kt-info-box_61f6f2-00 .kt-blocks-info-box-link-wrap:hover .kt-blocks-info-box-media {color:#444444;}#kt-info-box_61f6f2-00 .kt-blocks-info-box-title {padding:0px 0px 0px 0px;margin:5px 0px 10px 0px;}#kt-info-box_61f6f2-00 .kt-blocks-info-box-text {padding:30px 30px 30px 30px;margin:px px px px;}#kt-info-box_61f6f2-00 .kt-blocks-info-box-learnmore {background:transparent;border-color:#555555;border-width:0px 0px 0px 0px;padding:4px 8px 4px 8px;margin:10px 0px 10px 0px;}#kt-info-box_61f6f2-00 .kt-blocks-info-box-link-wrap:hover .kt-blocks-info-box-learnmore {color:#ffffff;background:#444444;border-color:#444444;}<\/style>\n<div id=\"kt-info-box_61f6f2-00\" class=\"wp-block-kadence-infobox info-box-text-left\"><a class=\"kt-blocks-info-box-link-wrap info-box-link kt-blocks-info-box-media-align-top kt-info-halign-center\"><div class=\"kt-blocks-info-box-media-container\"><div class=\"kt-blocks-info-box-media kt-info-media-animate-none\"><div class=\"kadence-info-box-icon-container kt-info-icon-animate-none\"><div class=\"kadence-info-box-icon-inner-container\"><span style=\"display:block;justify-content:center;align-items:center\" class=\"kt-info-svg-icon kt-info-svg-icon-ic_quoteSerifRight\"><svg style=\"display:inline-block;vertical-align:middle\" viewbox=\"0 0 8 8\" height=\"18\" width=\"18\" fill=\"currentColor\" xmlns=\"http:\/\/www.w3.org\/2000\/svg\"><path d=\"M0 0v3h2c0 1.11-.89 2-2 2v1c1.65 0 3-1.35 3-3v-3h-3zm5 0v3h2c0 1.11-.89 2-2 2v1c1.65 0 3-1.35 3-3v-3h-3z\" transform=\"translate(0 1)\"><\/path><\/svg><\/span><\/div><\/div><\/div><\/div><div class=\"kt-infobox-textcontent\"><p class=\"kt-blocks-info-box-text\">Som logerende kunstner p\u00e5 Guldagergaard i 2008, var jeg s\u00e5 heldig at m\u00f8de og arbejde med deltagerne p\u00e5 Project Network i vintersymposiet 2008. Vidden af interesser, internationale baggrunde og personligheder skabte et dynamisk og utrolig h\u00e5rdtarbejdende milj\u00f8.\r\n\r\nGruppen arbejdede med et bredt spektrum af hele det keramiske felt; fra produktion og dekoration af overfladen; over studier af processen \u2013 de pressede materialerne til det yderste; til installationer, der tvang beskueren til at stoppe op, t\u00e6nke sig om og dermed udfordrede beskuerens perspektiv af verden. Gruppen var omhyggeligt udvalgt af Guldagergaard \u2013 og dens sammens\u00e6tning var med til at skabe en fantastisk atmosf\u00e6re.\r\n\r\nN\u00e5r man som studerende har f\u00e6rdiggjort sin BA\/MA bliver mange ramt af udfordringen \u2019Hvad skal jeg s\u00e5 nu?\u2019 Project Network giver en fantastisk introduktion til keramikkens internationale arena \u2013 det er en unik mulighed inden for det, der nogle gange kan v\u00e6re et udfordrende, men sp\u00e6ndende milj\u00f8. R\u00e6kken af forel\u00e6sninger, lektioner, kurser samt kurateringen og installationen af udstillingen som kulmination p\u00e5 symposiet, giver lige dele st\u00f8tte og udfordring, eftersom det tvinger deltagerne ud i situationer, hvor man l\u00e6rer sine egne styrker og svagheder at kende \u2013 og giver m\u00e5ske et indblik i verdenen uden for det keramiske fokus.\r\n\r\nDen st\u00f8rste inspiration er naturligvis deltagerne selv og den oplevelse, de i kraft af deres tilgang, praksis, baggrund (b\u00e5de kulturelt og uddannelsesm\u00e6ssigt) og erfaring kan give. Men ogs\u00e5 stedet \u2013 Guldagergaard \u2013 er et af de mest inspirerende steder, jeg nogensinde har haft den \u00e6re at arbejde og studere. Den danske tilgang til keramik og den kreative praksis generelt set er uden sammenligning. Derudover f\u00e5r man altid en varm velkomst af personalet og beboere p\u00e5 Guldagergaard.\r\n\r\nAt man ydermere laver mad og spiser sammen til daglig med de andre logerende g\u00f8r blot f\u00e6llesskabet endnu st\u00e6rkere i centret \u2013 og udfordrer samtidigt hver enkelt til at producere noget s\u00e6rdeles smagfuldt!\r\n\r\nSom keramiker af profession er jeg meget opm\u00e6rksom p\u00e5 de muligheder, der byder sig for nye keramikere \u2013 og jeg forst\u00e5r som regel de udfordringer, de st\u00e5r over for. Jeg tror p\u00e5, at h\u00e5rdt arbejde, m\u00e5lrettethed og viljen til at bidrage til keramikkens verden s\u00e5vel som talent er afg\u00f8rende for, om man f\u00e5r succes. Jeg er af den bestemte opfattelse, at Project Network hj\u00e6lper unge kunstnere p\u00e5 vej langt hurtigere, end de kunne p\u00e5 egen h\u00e5nd.\r\n\r\n<strong>CJ O\u2019Neill<\/strong>\r\nCeramic artist and senior lecturer\u00a0,\u00a0Manchester School of Art (MMU)<\/p><\/div><\/a><\/div>\n<\/div><\/div>\n<\/div><\/div><\/div>\n","protected":false},"excerpt":{"rendered":"","protected":false},"author":1,"featured_media":0,"parent":10958,"menu_order":0,"comment_status":"closed","ping_status":"closed","template":"","meta":{"kt_blocks_editor_width":"","_price":"","_stock":"","_tribe_ticket_header":"","_tribe_default_ticket_provider":"","_tribe_ticket_capacity":"0","_ticket_start_date":"","_ticket_end_date":"","_tribe_ticket_show_description":"","_tribe_ticket_show_not_going":false,"_tribe_ticket_use_global_stock":"","_tribe_ticket_global_stock_level":"","_global_stock_mode":"","_global_stock_cap":"","_tribe_rsvp_for_event":"","_tribe_ticket_going_count":"","_tribe_ticket_not_going_count":"","_tribe_tickets_list":[],"_tribe_ticket_has_attendee_info_fields":false,"_kad_post_transparent":"","_kad_post_title":"","_kad_post_layout":"","_kad_post_sidebar_id":"","_kad_post_content_style":"","_kad_post_vertical_padding":"","_kad_post_feature":"","_kad_post_feature_position":"","_kad_post_header":false,"_kad_post_footer":false},"featured_image_src_large":false,"author_info":{"display_name":"Cajac","author_link":"https:\/\/staging.ceramic.dk\/da\/author\/cajac\/"},"comment_info":0,"taxonomy_info":[],"kb_featured_image_src_large":false,"kb_author_info":{"display_name":"Cajac","author_link":"https:\/\/staging.ceramic.dk\/da\/author\/cajac\/","author_image":"https:\/\/secure.gravatar.com\/avatar\/fc11bb7a5c30c0249f7d7eb08fc9d1fb?s=96&d=mm&r=g"},"kb_comment_info":0,"_links":{"self":[{"href":"https:\/\/staging.ceramic.dk\/da\/wp-json\/wp\/v2\/pages\/10966"}],"collection":[{"href":"https:\/\/staging.ceramic.dk\/da\/wp-json\/wp\/v2\/pages"}],"about":[{"href":"https:\/\/staging.ceramic.dk\/da\/wp-json\/wp\/v2\/types\/page"}],"author":[{"embeddable":true,"href":"https:\/\/staging.ceramic.dk\/da\/wp-json\/wp\/v2\/users\/1"}],"replies":[{"embeddable":true,"href":"https:\/\/staging.ceramic.dk\/da\/wp-json\/wp\/v2\/comments?post=10966"}],"version-history":[{"count":3,"href":"https:\/\/staging.ceramic.dk\/da\/wp-json\/wp\/v2\/pages\/10966\/revisions"}],"predecessor-version":[{"id":10994,"href":"https:\/\/staging.ceramic.dk\/da\/wp-json\/wp\/v2\/pages\/10966\/revisions\/10994"}],"up":[{"embeddable":true,"href":"https:\/\/staging.ceramic.dk\/da\/wp-json\/wp\/v2\/pages\/10958"}],"wp:attachment":[{"href":"https:\/\/staging.ceramic.dk\/da\/wp-json\/wp\/v2\/media?parent=10966"}],"curies":[{"name":"wp","href":"https:\/\/api.w.org\/{rel}","templated":true}]}}